{"id":340,"date":"2024-08-01T02:47:21","date_gmt":"2024-08-01T02:47:21","guid":{"rendered":"https:\/\/lead-core.com\/?page_id=340"},"modified":"2024-09-19T10:11:43","modified_gmt":"2024-09-19T10:11:43","slug":"testimonials","status":"publish","type":"page","link":"https:\/\/lead-core.com\/es\/testimonials\/","title":{"rendered":"Testimonios"},"content":{"rendered":"<p>[et_pb_section fb_built=&#8221;1&#8243; _builder_version=&#8221;4.27.0&#8243; _module_preset=&#8221;default&#8221; use_background_color_gradient=&#8221;on&#8221; background_color_gradient_stops=&#8221;rgba(0,0,0,0.47) 0%|rgba(0,0,0,0.47) 100%&#8221; background_color_gradient_overlays_image=&#8221;on&#8221; background_image=&#8221;https:\/\/lead-core.com\/wp-content\/uploads\/2024\/08\/a-group-becomes-a-team-when-each-member-is-sure-enough-of-himself-and-his-contribution-to-praise-the-1.jpg&#8221; locked=&#8221;off&#8221; global_colors_info=&#8221;{}&#8221;][et_pb_row column_structure=&#8221;3_5,2_5&#8243; _builder_version=&#8221;4.27.0&#8243; _module_preset=&#8221;default&#8221; width=&#8221;90%&#8221; max_width=&#8221;1200px&#8221; custom_margin=&#8221;60px||60px||true|false&#8221; global_colors_info=&#8221;{}&#8221;][et_pb_column type=&#8221;3_5&#8243; _builder_version=&#8221;4.27.0&#8243; _module_preset=&#8221;default&#8221; global_colors_info=&#8221;{}&#8221;][et_pb_heading title=&#8221;@ET-DC@eyJkeW5hbWljIjp0cnVlLCJjb250ZW50IjoicG9zdF90aXRsZSIsInNldHRpbmdzIjp7ImJlZm9yZSI6IiIsImFmdGVyIjoiIn19@&#8221; _builder_version=&#8221;4.27.0&#8243; _dynamic_attributes=&#8221;title&#8221; _module_preset=&#8221;default&#8221; title_font=&#8221;|600|||||||&#8221; title_text_align=&#8221;left&#8221; title_text_color=&#8221;#FFFFFF&#8221; title_font_size=&#8221;60px&#8221; title_line_height=&#8221;1.2em&#8221; width=&#8221;100%&#8221; module_alignment=&#8221;center&#8221; custom_margin=&#8221;||0px||false|false&#8221; title_font_size_tablet=&#8221;45px&#8221; title_font_size_phone=&#8221;32px&#8221; title_font_size_last_edited=&#8221;on|tablet&#8221; locked=&#8221;off&#8221; global_colors_info=&#8221;{}&#8221;][\/et_pb_heading][dsm_breadcrumbs show_home_icon=&#8221;off&#8221; separator_icon=&#8221;&#x35;||divi||400&#8243; _builder_version=&#8221;4.27.0&#8243; _module_preset=&#8221;default&#8221; items_text_color=&#8221;#FFFFFF&#8221; separators_text_color=&#8221;#FFFFFF&#8221; current_text_color=&#8221;#FFFFFF&#8221; global_colors_info=&#8221;{}&#8221;][\/dsm_breadcrumbs][\/et_pb_column][et_pb_column type=&#8221;2_5&#8243; _builder_version=&#8221;4.27.0&#8243; _module_preset=&#8221;default&#8221; global_colors_info=&#8221;{}&#8221;][\/et_pb_column][\/et_pb_row][\/et_pb_section][et_pb_section fb_built=&#8221;1&#8243; _builder_version=&#8221;4.27.0&#8243; _module_preset=&#8221;default&#8221; global_colors_info=&#8221;{}&#8221;][et_pb_row _builder_version=&#8221;4.27.0&#8243; _module_preset=&#8221;default&#8221; width=&#8221;90%&#8221; max_width=&#8221;1300px&#8221; locked=&#8221;off&#8221; global_colors_info=&#8221;{}&#8221;][et_pb_column type=&#8221;4_4&#8243; _builder_version=&#8221;4.27.0&#8243; _module_preset=&#8221;default&#8221; global_colors_info=&#8221;{}&#8221;][et_pb_heading title=&#8221;What People Say About Us&#8221; _builder_version=&#8221;4.27.0&#8243; _module_preset=&#8221;default&#8221; title_level=&#8221;h3&#8243; title_font=&#8221;|700|||||||&#8221; title_text_align=&#8221;center&#8221; title_text_color=&#8221;#000000&#8243; title_font_size=&#8221;45px&#8221; title_line_height=&#8221;1.2em&#8221; module_alignment=&#8221;center&#8221; custom_margin=&#8221;||10px||false|false&#8221; title_font_size_tablet=&#8221;40px&#8221; title_font_size_phone=&#8221;33px&#8221; title_font_size_last_edited=&#8221;on|desktop&#8221; locked=&#8221;off&#8221; global_colors_info=&#8221;{}&#8221;][\/et_pb_heading][dipl_testimonial_grid testimonial_layout=&#8221;layout2&#8243; show_author_image=&#8221;off&#8221; opening_quote_icon_color=&#8221;#000000&#8243; testimonial_card_custom_padding=&#8221;60px||60px||true|false&#8221; _builder_version=&#8221;4.27.0&#8243; _module_preset=&#8221;default&#8221; body_font=&#8221;||on||||||&#8221; body_text_color=&#8221;#000000&#8243; author_font=&#8221;|700|||||||&#8221; author_text_color=&#8221;#000000&#8243; hover_enabled=&#8221;0&#8243; border_radii_testimonial_card=&#8221;on|10px|10px|10px|10px&#8221; global_colors_info=&#8221;{}&#8221; sticky_enabled=&#8221;0&#8243;][\/dipl_testimonial_grid][\/et_pb_column][\/et_pb_row][\/et_pb_section][et_pb_section fb_built=&#8221;1&#8243; _builder_version=&#8221;4.27.0&#8243; _module_preset=&#8221;default&#8221; use_background_color_gradient=&#8221;on&#8221; background_color_gradient_direction=&#8221;135deg&#8221; background_color_gradient_stops=&#8221;rgba(0,0,0,0.54) 0%|rgba(0,0,0,0.76) 100%&#8221; background_color_gradient_overlays_image=&#8221;on&#8221; background_image=&#8221;https:\/\/lead-core.com\/wp-content\/uploads\/2024\/08\/group-of-students-studying-on-laptop.jpg&#8221; locked=&#8221;off&#8221; global_colors_info=&#8221;{}&#8221;][et_pb_row _builder_version=&#8221;4.27.0&#8243; _module_preset=&#8221;default&#8221; width=&#8221;90%&#8221; max_width=&#8221;1300px&#8221; custom_margin=&#8221;50px||50px||true|false&#8221; global_colors_info=&#8221;{}&#8221;][et_pb_column type=&#8221;4_4&#8243; _builder_version=&#8221;4.27.0&#8243; _module_preset=&#8221;default&#8221; global_colors_info=&#8221;{}&#8221;][et_pb_heading title=&#8221;Let us show you the power of marketing communication.&#8221; _builder_version=&#8221;4.27.0&#8243; _module_preset=&#8221;default&#8221; title_level=&#8221;h2&#8243; title_font=&#8221;|700|||||||&#8221; title_text_align=&#8221;center&#8221; title_text_color=&#8221;#FFFFFF&#8221; title_font_size=&#8221;55px&#8221; title_line_height=&#8221;1.1em&#8221; width=&#8221;50%&#8221; width_tablet=&#8221;100%&#8221; width_phone=&#8221;100%&#8221; width_last_edited=&#8221;on|tablet&#8221; module_alignment=&#8221;center&#8221; custom_margin=&#8221;||8px||false|false&#8221; title_font_size_tablet=&#8221;55px&#8221; title_font_size_phone=&#8221;32px&#8221; title_font_size_last_edited=&#8221;on|phone&#8221; locked=&#8221;off&#8221; global_colors_info=&#8221;{}&#8221;][\/et_pb_heading][et_pb_text _builder_version=&#8221;4.27.0&#8243; _module_preset=&#8221;cd7c489e-cfba-4edf-b0d8-308225c8d932&#8243; text_font_size=&#8221;17px&#8221; text_line_height=&#8221;1.6em&#8221; text_orientation=&#8221;center&#8221; width=&#8221;65%&#8221; width_tablet=&#8221;100%&#8221; width_phone=&#8221;100%&#8221; width_last_edited=&#8221;on|tablet&#8221; module_alignment=&#8221;center&#8221; locked=&#8221;off&#8221; global_colors_info=&#8221;{}&#8221;]<\/p>\n<p>Alcanza el potencial de tu marca con las estrategias de marketing de comunicaci\u00f3n de Lead Core. Cont\u00e1ctanos hoy para mejorar tu negocio y lograr resultados sobresalientes.<\/p>\n<p>[\/et_pb_text][dsm_button button_one_text=&#8221;Contact Us&#8221; button_one_url=&#8221;@ET-DC@eyJkeW5hbWljIjp0cnVlLCJjb250ZW50IjoicG9zdF9saW5rX3VybF9wYWdlIiwic2V0dGluZ3MiOnsicG9zdF9pZCI6IjM0MiJ9fQ==@&#8221; button_alignment=&#8221;center&#8221; _builder_version=&#8221;4.27.0&#8243; _dynamic_attributes=&#8221;button_one_url&#8221; _module_preset=&#8221;default&#8221; custom_button_one=&#8221;on&#8221; button_one_text_size=&#8221;17px&#8221; button_one_text_color=&#8221;#FFFFFF&#8221; button_one_bg_color=&#8221;gcid-26211ee4-5415-4708-9281-f900993a33f5&#8243; button_one_border_width=&#8221;0px&#8221; button_one_border_radius=&#8221;5px&#8221; button_one_use_icon=&#8221;off&#8221; button_one_custom_padding=&#8221;15px|40px|15px|40px|true|true&#8221; custom_padding=&#8221;11px||||false|false&#8221; locked=&#8221;off&#8221; global_colors_info=&#8221;{%22gcid-26211ee4-5415-4708-9281-f900993a33f5%22:%91%22button_one_bg_color%22%93}&#8221;][\/dsm_button][\/et_pb_column][\/et_pb_row][\/et_pb_section]<\/p>","protected":false},"excerpt":{"rendered":"<p><div class=\"et_pb_module dsm_breadcrumbs dsm_breadcrumbs_0\">\n\t\t\t\t\n\t\t\t\t\n\t\t\t\t\n\t\t\t\t\n\t\t\t\t\n\t\t\t\t\n\t\t\t\t<div class=\"et_pb_module_inner\">\n\t\t\t\t\t<nav class=\"dsm_breadcrumbs_wrap\" role=\"navigation\" itemscope=\"\" itemtype=\"http:\/\/schema.org\/SiteNavigationElement\">\n\t\t\t\t<ul class=\"dsm_breadcrumbs\">\t\t\t<li class='dsm_breadcrumbs_item dsm_home_item dsm_home_item_custom'>\n\t\t\t\t<a href=\"https:\/\/lead-core.com\/es\" itemprop=\"url\" target=\"\">\n\t\t\t\t\t<span class='dsm_home_text_wrapper'>\n\t\t\t\t\t\t\t\t\t\t\t\t\t<span class=\"dsm_home_text\" itemprop=\"name\">\n\t\t\t\t\t\t\t\tInicio\t\t\t\t\t\t\t<\/span>\n\t\t\t\t\t<\/span>\n\t\t\t\t<\/a>\n\t\t\t<\/li>\n\n\t\t<li class=\"dsm_breadcrumbs_separator\"> <span class=\"et-pb-icon dsm_separator_icon\">&#x35;<\/span><\/li><\/ul>\n\t\t\t<\/nav>\n\t\t\t\t<\/div>\n\t\t\t<\/div><div class=\"et_pb_module dipl_testimonial_grid dipl_testimonial_grid_0  et_pb_text_align_center\">\n\t\t\t\t\n\t\t\t\t\n\t\t\t\t\n\t\t\t\t\n\t\t\t\t\n\t\t\t\t\n\t\t\t\t<div class=\"et_pb_module_inner\">\n\t\t\t\t\t<div class=\"dipl_testimonial_layout layout2 dipl_testimonial_cols_2\"><div class=\"dipl_testimonial_isotope_item\"><div id=\"dipl_single_testimonial_452\" class=\"dipl_single_testimonial_card\">\n\t\t\n\t\t<div class=\"dipl_testimonial_desc\">\n\t\t<span class=\"dipl_testimonial_quote_icon dipl_testimonial_opening_quote_icon\">{<\/span><p>El an\u00e1lisis de la competencia de Lead Core nos brind\u00f3 informaci\u00f3n valiosa que nos ayud\u00f3 a perfeccionar nuestra estrategia y posicionarnos por delante de la competencia.<\/p>\n\n\t\t<\/div>\n\t\t<div class=\"dipl_testimonial_rating\">\n\t\t\t\t\t\t\t<span itemprop=\"reviewRating\" itemscope itemtype=\"http:\/\/schema.org\/Rating\">\n\t\t\t\t\t\t\t\t<span class=\"dipl_testimonial_rating_value\" itemprop=\"ratingValue\">5<\/span>\n\t\t\t\t\t\t\t\t<span class=\"dipl_testimonial_star dipl_testimonial_filled_star\"><\/span><span class=\"dipl_testimonial_star dipl_testimonial_filled_star\"><\/span><span class=\"dipl_testimonial_star dipl_testimonial_filled_star\"><\/span><span class=\"dipl_testimonial_star dipl_testimonial_filled_star\"><\/span><span class=\"dipl_testimonial_star dipl_testimonial_filled_star\"><\/span>\n\t\t\t\t\t\t\t<\/span>\n\t\t\t\t\t\t<\/div>\n\t\t<div class=\"dipl_testimonial_meta\">\n\t\t\t<div class=\"dipl_testimonial_author_details\">\n\t\t\t\t<div class=\"dipl_testimonial_author_name\">Rachel McMillan<\/div><div class=\"dipl_testimonial_author_designation\">Director de Marketing<\/div>\n\t\t\t<\/div>\n\t\t<\/div>\n\t<\/div><\/div><div class=\"dipl_testimonial_isotope_item\"><div id=\"dipl_single_testimonial_453\" class=\"dipl_single_testimonial_card\">\n\t\t\n\t\t<div class=\"dipl_testimonial_desc\">\n\t\t<span class=\"dipl_testimonial_quote_icon dipl_testimonial_opening_quote_icon\">{<\/span><p>Gracias a la consultor\u00eda SEO de Lead Core, la clasificaci\u00f3n de nuestro sitio web en los motores de b\u00fasqueda ha mejorado dr\u00e1sticamente, generando m\u00e1s tr\u00e1fico org\u00e1nico.<\/p>\n\n\t\t<\/div>\n\t\t<div class=\"dipl_testimonial_rating\">\n\t\t\t\t\t\t\t<span itemprop=\"reviewRating\" itemscope itemtype=\"http:\/\/schema.org\/Rating\">\n\t\t\t\t\t\t\t\t<span class=\"dipl_testimonial_rating_value\" itemprop=\"ratingValue\">5<\/span>\n\t\t\t\t\t\t\t\t<span class=\"dipl_testimonial_star dipl_testimonial_filled_star\"><\/span><span class=\"dipl_testimonial_star dipl_testimonial_filled_star\"><\/span><span class=\"dipl_testimonial_star dipl_testimonial_filled_star\"><\/span><span class=\"dipl_testimonial_star dipl_testimonial_filled_star\"><\/span><span class=\"dipl_testimonial_star dipl_testimonial_filled_star\"><\/span>\n\t\t\t\t\t\t\t<\/span>\n\t\t\t\t\t\t<\/div>\n\t\t<div class=\"dipl_testimonial_meta\">\n\t\t\t<div class=\"dipl_testimonial_author_details\">\n\t\t\t\t<div class=\"dipl_testimonial_author_name\">Janelle<\/div><div class=\"dipl_testimonial_author_designation\">Co-founder de startup tecnol\u00f3gica<\/div>\n\t\t\t<\/div>\n\t\t<\/div>\n\t<\/div><\/div><div class=\"dipl_testimonial_isotope_item\"><div id=\"dipl_single_testimonial_450\" class=\"dipl_single_testimonial_card\">\n\t\t\n\t\t<div class=\"dipl_testimonial_desc\">\n\t\t<span class=\"dipl_testimonial_quote_icon dipl_testimonial_opening_quote_icon\">{<\/span><p>Lead Core transform\u00f3 nuestra presencia en l\u00ednea con sus estrategias de marketing digital personalizadas. Nuestro tr\u00e1fico y conversiones han aumentado significativamente.<\/p>\n\n\t\t<\/div>\n\t\t<div class=\"dipl_testimonial_rating\">\n\t\t\t\t\t\t\t<span itemprop=\"reviewRating\" itemscope itemtype=\"http:\/\/schema.org\/Rating\">\n\t\t\t\t\t\t\t\t<span class=\"dipl_testimonial_rating_value\" itemprop=\"ratingValue\">5<\/span>\n\t\t\t\t\t\t\t\t<span class=\"dipl_testimonial_star dipl_testimonial_filled_star\"><\/span><span class=\"dipl_testimonial_star dipl_testimonial_filled_star\"><\/span><span class=\"dipl_testimonial_star dipl_testimonial_filled_star\"><\/span><span class=\"dipl_testimonial_star dipl_testimonial_filled_star\"><\/span><span class=\"dipl_testimonial_star dipl_testimonial_filled_star\"><\/span>\n\t\t\t\t\t\t\t<\/span>\n\t\t\t\t\t\t<\/div>\n\t\t<div class=\"dipl_testimonial_meta\">\n\t\t\t<div class=\"dipl_testimonial_author_details\">\n\t\t\t\t<div class=\"dipl_testimonial_author_name\">Alex T.<\/div><div class=\"dipl_testimonial_author_designation\">Due\u00f1o de negocio online e-commerce<\/div>\n\t\t\t<\/div>\n\t\t<\/div>\n\t<\/div><\/div><div class=\"dipl_testimonial_isotope_item\"><div id=\"dipl_single_testimonial_454\" class=\"dipl_single_testimonial_card\">\n\t\t\n\t\t<div class=\"dipl_testimonial_desc\">\n\t\t<span class=\"dipl_testimonial_quote_icon dipl_testimonial_opening_quote_icon\">{<\/span><p>Las campa\u00f1as de redes sociales dise\u00f1adas por Lead Core han aumentado el compromiso y la visibilidad de nuestra marca. \u00a1Estamos encantados con los resultados!<\/p>\n\n\t\t<\/div>\n\t\t<div class=\"dipl_testimonial_rating\">\n\t\t\t\t\t\t\t<span itemprop=\"reviewRating\" itemscope itemtype=\"http:\/\/schema.org\/Rating\">\n\t\t\t\t\t\t\t\t<span class=\"dipl_testimonial_rating_value\" itemprop=\"ratingValue\">5<\/span>\n\t\t\t\t\t\t\t\t<span class=\"dipl_testimonial_star dipl_testimonial_filled_star\"><\/span><span class=\"dipl_testimonial_star dipl_testimonial_filled_star\"><\/span><span class=\"dipl_testimonial_star dipl_testimonial_filled_star\"><\/span><span class=\"dipl_testimonial_star dipl_testimonial_filled_star\"><\/span><span class=\"dipl_testimonial_star dipl_testimonial_filled_star\"><\/span>\n\t\t\t\t\t\t\t<\/span>\n\t\t\t\t\t\t<\/div>\n\t\t<div class=\"dipl_testimonial_meta\">\n\t\t\t<div class=\"dipl_testimonial_author_details\">\n\t\t\t\t<div class=\"dipl_testimonial_author_name\">Laura Passman<\/div><div class=\"dipl_testimonial_author_designation\">Minorista de moda<\/div>\n\t\t\t<\/div>\n\t\t<\/div>\n\t<\/div><\/div><div class=\"dipl_testimonial_isotope_item\"><div id=\"dipl_single_testimonial_455\" class=\"dipl_single_testimonial_card\">\n\t\t\n\t\t<div class=\"dipl_testimonial_desc\">\n\t\t<span class=\"dipl_testimonial_quote_icon dipl_testimonial_opening_quote_icon\">{<\/span><p>Nuestro nuevo sitio web dise\u00f1ado por Lead Core no s\u00f3lo es visualmente impresionante sino tambi\u00e9n f\u00e1cil de usar. Hemos recibido comentarios fant\u00e1sticos de nuestros clientes.<\/p>\n\n\t\t<\/div>\n\t\t<div class=\"dipl_testimonial_rating\">\n\t\t\t\t\t\t\t<span itemprop=\"reviewRating\" itemscope itemtype=\"http:\/\/schema.org\/Rating\">\n\t\t\t\t\t\t\t\t<span class=\"dipl_testimonial_rating_value\" itemprop=\"ratingValue\">5<\/span>\n\t\t\t\t\t\t\t\t<span class=\"dipl_testimonial_star dipl_testimonial_filled_star\"><\/span><span class=\"dipl_testimonial_star dipl_testimonial_filled_star\"><\/span><span class=\"dipl_testimonial_star dipl_testimonial_filled_star\"><\/span><span class=\"dipl_testimonial_star dipl_testimonial_filled_star\"><\/span><span class=\"dipl_testimonial_star dipl_testimonial_filled_star\"><\/span>\n\t\t\t\t\t\t\t<\/span>\n\t\t\t\t\t\t<\/div>\n\t\t<div class=\"dipl_testimonial_meta\">\n\t\t\t<div class=\"dipl_testimonial_author_details\">\n\t\t\t\t<div class=\"dipl_testimonial_author_name\">James Troy<\/div><div class=\"dipl_testimonial_author_designation\">Entrenador personal<\/div>\n\t\t\t<\/div>\n\t\t<\/div>\n\t<\/div><\/div><div class=\"dipl_testimonial_isotope_item\"><div id=\"dipl_single_testimonial_451\" class=\"dipl_single_testimonial_card\">\n\t\t\n\t\t<div class=\"dipl_testimonial_desc\">\n\t\t<span class=\"dipl_testimonial_quote_icon dipl_testimonial_opening_quote_icon\">{<\/span><p>Los servicios de dise\u00f1o web de Lead Core le dieron a nuestra marca una apariencia fresca y profesional que resuena en nuestra audiencia.<\/p>\n\n\t\t<\/div>\n\t\t<div class=\"dipl_testimonial_rating\">\n\t\t\t\t\t\t\t<span itemprop=\"reviewRating\" itemscope itemtype=\"http:\/\/schema.org\/Rating\">\n\t\t\t\t\t\t\t\t<span class=\"dipl_testimonial_rating_value\" itemprop=\"ratingValue\">5<\/span>\n\t\t\t\t\t\t\t\t<span class=\"dipl_testimonial_star dipl_testimonial_filled_star\"><\/span><span class=\"dipl_testimonial_star dipl_testimonial_filled_star\"><\/span><span class=\"dipl_testimonial_star dipl_testimonial_filled_star\"><\/span><span class=\"dipl_testimonial_star dipl_testimonial_filled_star\"><\/span><span class=\"dipl_testimonial_star dipl_testimonial_filled_star\"><\/span>\n\t\t\t\t\t\t\t<\/span>\n\t\t\t\t\t\t<\/div>\n\t\t<div class=\"dipl_testimonial_meta\">\n\t\t\t<div class=\"dipl_testimonial_author_details\">\n\t\t\t\t<div class=\"dipl_testimonial_author_name\">Dr. Paul<\/div><div class=\"dipl_testimonial_author_designation\">Due\u00f1o de restaurante<\/div>\n\t\t\t<\/div>\n\t\t<\/div>\n\t<\/div><\/div><\/div>\n\t\t\t\t<\/div>\n\t\t\t<\/div>Alcanza el potencial de tu marca con las estrategias de marketing de comunicaci\u00f3n de Lead Core. Cont\u00e1ctanos hoy para mejorar tu negocio y lograr resultados sobresalientes.<div class=\"et_pb_module dsm_button dsm_button_0 et_pb_bg_layout_light\">\n\t\t\t\t\n\t\t\t\t\n\t\t\t\t\n\t\t\t\t\n\t\t\t\t\n\t\t\t\t\n\t\t\t\t<div class=\"et_pb_module_inner\">\n\t\t\t\t\t<div class=\"et_pb_button_module_wrappers dsm_button_0_wrapper et_pb_button_alignment_center et_pb_module\">\n\t\t\t\t<a class=\"et_pb_button et_pb_button_one et_pb_bg_layout_light dsm-none\"  data-dsm-lightbox-id=\"dsm_button_one_lightbox dsm_button_0\"><span>Cont\u00e1ctanos<\/span><\/a>\n\t\t\t<\/div>\n\t\t\t\t<\/div>\n\t\t\t<\/div><\/p>","protected":false},"author":1,"featured_media":0,"parent":0,"menu_order":0,"comment_status":"closed","ping_status":"closed","template":"","meta":{"_et_pb_use_builder":"on","_et_pb_old_content":"","_et_gb_content_width":"","footnotes":""},"class_list":["post-340","page","type-page","status-publish","hentry"],"_links":{"self":[{"href":"https:\/\/lead-core.com\/es\/wp-json\/wp\/v2\/pages\/340","targetHints":{"allow":["GET"]}}],"collection":[{"href":"https:\/\/lead-core.com\/es\/wp-json\/wp\/v2\/pages"}],"about":[{"href":"https:\/\/lead-core.com\/es\/wp-json\/wp\/v2\/types\/page"}],"author":[{"embeddable":true,"href":"https:\/\/lead-core.com\/es\/wp-json\/wp\/v2\/users\/1"}],"replies":[{"embeddable":true,"href":"https:\/\/lead-core.com\/es\/wp-json\/wp\/v2\/comments?post=340"}],"version-history":[{"count":9,"href":"https:\/\/lead-core.com\/es\/wp-json\/wp\/v2\/pages\/340\/revisions"}],"predecessor-version":[{"id":675,"href":"https:\/\/lead-core.com\/es\/wp-json\/wp\/v2\/pages\/340\/revisions\/675"}],"wp:attachment":[{"href":"https:\/\/lead-core.com\/es\/wp-json\/wp\/v2\/media?parent=340"}],"curies":[{"name":"wp","href":"https:\/\/api.w.org\/{rel}","templated":true}]}}