{"id":344,"date":"2024-08-01T02:48:22","date_gmt":"2024-08-01T02:48:22","guid":{"rendered":"https:\/\/lead-core.com\/?page_id=344"},"modified":"2024-09-04T22:13:26","modified_gmt":"2024-09-04T22:13:26","slug":"legal-notice","status":"publish","type":"page","link":"https:\/\/lead-core.com\/es\/legal-notice\/","title":{"rendered":"Aviso legal"},"content":{"rendered":"<p>[et_pb_section fb_built=&#8221;1&#8243; _builder_version=&#8221;4.27.0&#8243; _module_preset=&#8221;default&#8221; global_colors_info=&#8221;{}&#8221;][et_pb_row column_structure=&#8221;3_5,2_5&#8243; admin_label=&#8221;row&#8221; _builder_version=&#8221;4.27.0&#8243; background_size=&#8221;initial&#8221; background_position=&#8221;top_left&#8221; background_repeat=&#8221;repeat&#8221; width=&#8221;100%&#8221; max_width=&#8221;2560px&#8221; min_height=&#8221;1958.5px&#8221; hover_enabled=&#8221;0&#8243; locked=&#8221;off&#8221; global_colors_info=&#8221;{}&#8221; sticky_enabled=&#8221;0&#8243;][et_pb_column type=&#8221;3_5&#8243; _builder_version=&#8221;4.16&#8243; custom_padding=&#8221;|||&#8221; global_colors_info=&#8221;{}&#8221; custom_padding__hover=&#8221;|||&#8221;][et_pb_blurb content_max_width=&#8221;149%&#8221; _builder_version=&#8221;4.27.0&#8243; _module_preset=&#8221;default&#8221; header_font=&#8221;|700|||||||&#8221; header_text_color=&#8221;#000000&#8243; header_font_size=&#8221;26px&#8221; body_font=&#8221;||||||||&#8221; body_text_color=&#8221;#595959&#8243; body_font_size=&#8221;15px&#8221; body_line_height=&#8221;1.6em&#8221; width=&#8221;127.7%&#8221; custom_margin=&#8221;|-49px||||&#8221; custom_padding=&#8221;|0px||82px||&#8221; hover_enabled=&#8221;0&#8243; global_colors_info=&#8221;{}&#8221; sticky_enabled=&#8221;0&#8243;]<\/p>\n<h1>Aviso legal<\/h1>\n<p>&nbsp;<\/p>\n<p><span style=\"color: #333333;\"><b>\u00daltima actualizaci\u00f3n: 4 de septiembre de 2024<\/b><\/span><\/p>\n<p><span style=\"color: #333333;\"><span style=\"font-weight: 400;\">Este Aviso Legal regula el acceso, navegaci\u00f3n y uso del sitio web de <\/span><b>Lead Core LLC<\/b><span style=\"font-weight: 400;\"> (en adelante \u201cnosotros\u201d, \u201cnos\u201d o \u201cla empresa\u201d), accesible a trav\u00e9s del dominio www.lead-core.com (en adelante \u201cel Sitio Web\u201d). Al acceder y utilizar este Sitio Web, usted acepta los t\u00e9rminos y condiciones establecidos en este Aviso Legal.<\/span><\/span><\/p>\n<h3><span style=\"color: #333333;\"><b>1. Propiedad del sitio web<\/b><\/span><\/h3>\n<p><span style=\"color: #333333;\"><strong><span class=\"cmplz-contact-organisation\">Lead Core LLC<\/span><\/strong><\/span><br \/><span class=\"cmplz-contact-address\" style=\"color: #333333;\">2105 Vista Oeste St NW, Suite E #1061, Albuquerque, New Mexico, 87120<\/span><br \/><span class=\"cmplz-contact-country\" style=\"color: #333333;\">United States<\/span><br \/><span style=\"color: #333333;\">Website:\u00a0<span class=\"cmplz-contact-domain\"><a href=\"https:\/\/lead-core.com\/es\/\" style=\"color: #333333;\">https:\/\/lead-core.com<\/a><\/span><\/span><br \/><span style=\"color: #333333;\">Email:\u00a0<span class=\"cmplz-contact-email\">info@lead-core.com<\/span><\/span><\/p>\n<h3><span style=\"color: #333333;\"><b>2. Condiciones de uso<\/b><\/span><\/h3>\n<p><span style=\"font-weight: 400; color: #333333;\">El acceso y uso del Sitio Web est\u00e1n sujetos a las siguientes condiciones:<\/span><\/p>\n<p><span style=\"color: #333333;\"><b>2.1. Uso adecuado del sitio web<\/b><b><br \/><\/b><span style=\"font-weight: 400;\">Usted se compromete a utilizar el Sitio Web de forma l\u00edcita, de conformidad con la normativa vigente, la moral, el orden p\u00fablico y el presente Aviso Legal. Deber\u00e1s abstenerte de realizar cualquier acto que pudiera da\u00f1ar la imagen, los intereses o los derechos de Lead Core LLC o de terceros, o que pudiera da\u00f1ar, inutilizar o sobrecargar el Sitio Web.<\/span><\/span><\/p>\n<p><span style=\"color: #333333;\"><b>2.2. Precisi\u00f3n de la informaci\u00f3n<\/b><b><br \/><\/b><span style=\"font-weight: 400;\">Lead Core LLC se esfuerza por garantizar que la informaci\u00f3n proporcionada en el sitio web sea precisa y est\u00e9 actualizada. Sin embargo, no podemos garantizar la exactitud, integridad o actualidad de la informaci\u00f3n en todo momento. Nos reservamos el derecho de modificar el contenido del Sitio Web en cualquier momento y sin previo aviso.<\/span><\/span><\/p>\n<p><span style=\"color: #333333;\"><b>2.3. Responsabilidad<\/b><b><br \/><\/b><span style=\"font-weight: 400;\">Lead Core LLC no es responsable de ning\u00fan da\u00f1o o perjuicio que pueda resultar del uso inadecuado del Sitio Web o de la informaci\u00f3n proporcionada a trav\u00e9s del mismo. El acceso y uso del Sitio Web son responsabilidad exclusiva del usuario.<\/span><\/span><\/p>\n<h3><span style=\"color: #333333;\"><b>3. Propiedad Intelectual e Industrial<\/b><\/span><\/h3>\n<p><span style=\"color: #333333;\"><b>3.1. Contenido del sitio web<\/b><b><br \/><\/b><span style=\"font-weight: 400;\">Todo el contenido, incluidos, entre otros, textos, gr\u00e1ficos, im\u00e1genes, logotipos, iconos, software y otros contenidos audiovisuales o sonoros, as\u00ed como su dise\u00f1o gr\u00e1fico y c\u00f3digo fuente (en adelante \u201cel Contenido\u201d), son propiedad de Lead Core. LLC o de terceros que han autorizado su uso y se encuentran protegidos por derechos de propiedad intelectual e industrial.<\/span><\/span><\/p>\n<p><span style=\"color: #333333;\"><b>3.2. Derechos reservados<\/b><b><br \/><\/b><span style=\"font-weight: 400;\">Te comprometes a respetar los derechos de propiedad intelectual e industrial sobre el Contenido. La reproducci\u00f3n, distribuci\u00f3n, transformaci\u00f3n o cualquier otra forma de explotaci\u00f3n, ya sea total o parcial, queda expresamente prohibida sin el previo consentimiento por escrito de Lead Core LLC.<\/span><\/span><\/p>\n<h3><span style=\"color: #333333;\"><b>4. Enlaces a Terceros<\/b><\/span><\/h3>\n<p><span style=\"font-weight: 400; color: #333333;\">El sitio web puede contener enlaces a sitios web de terceros. Lead Core LLC no es responsable del contenido o las pol\u00edticas de privacidad de dichos sitios. El acceso a estos sitios web de terceros es bajo su propia responsabilidad.<\/span><\/p>\n<h3><span style=\"color: #333333;\"><b>5. Protecci\u00f3n de datos<\/b><\/span><\/h3>\n<p><span style=\"font-weight: 400; color: #333333;\">Cualquier dato personal recopilado a trav\u00e9s del sitio web se procesar\u00e1 de acuerdo con nuestra Pol\u00edtica de Privacidad. Al utilizar el sitio web, usted acepta que podemos procesar su informaci\u00f3n de acuerdo con esa pol\u00edtica.<\/span><\/p>\n<h3><span style=\"color: #333333;\"><b>6. Pol\u00edtica de cookies<\/b><\/span><\/h3>\n<p><span style=\"font-weight: 400; color: #333333;\">Este sitio web utiliza cookies para mejorar la experiencia del usuario. Para obtener m\u00e1s informaci\u00f3n sobre el uso de cookies en nuestro sitio web, consulte nuestra Pol\u00edtica de cookies.<\/span><\/p>\n<h3><span style=\"color: #333333;\"><b>7. Modificaciones<\/b><\/span><\/h3>\n<p><span style=\"font-weight: 400; color: #333333;\">Lead Core LLC se reserva el derecho de modificar este Aviso Legal en cualquier momento. Las modificaciones entrar\u00e1n en vigor tras su publicaci\u00f3n en el Sitio Web. Recomendamos revisar este Aviso Legal peri\u00f3dicamente para mantenerse informado de cualquier cambio.<\/span><\/p>\n<h3><span style=\"color: #333333;\"><b>8. Ley Aplicable y Jurisdicci\u00f3n<\/b><\/span><\/h3>\n<p><span style=\"font-weight: 400; color: #333333;\">Este Aviso Legal se rige por las leyes de los Estados Unidos. Para la resoluci\u00f3n de cualquier controversia que pueda surgir por el acceso o uso del Sitio Web, usted se somete expresamente a la jurisdicci\u00f3n de los tribunales ubicados en el estado donde est\u00e1 establecida Lead Core LLC, salvo disposici\u00f3n legal en contrario.<\/span><\/p>\n<h3><span style=\"color: #333333;\"><b>9. Contacto<\/b><\/span><\/h3>\n<p><span style=\"color: #333333;\"><span style=\"font-weight: 400;\">Para cualquier duda o consulta respecto a este Aviso Legal, <\/span>por favor cont\u00e1ctenos utilizando los siguientes datos de contacto:<\/span><\/p>\n<p><span class=\"cmplz-contact-organisation\" style=\"color: #333333;\">Lead Core LLC<\/span><br \/><span class=\"cmplz-contact-address\" style=\"color: #333333;\">2105 Vista Oeste St NW, Suite E #1061, Albuquerque, New Mexico, 87120<\/span><br \/><span class=\"cmplz-contact-country\" style=\"color: #333333;\">United States<\/span><br \/><span style=\"color: #333333;\">Website:\u00a0<span class=\"cmplz-contact-domain\"><a href=\"https:\/\/lead-core.com\/es\/\" style=\"color: #333333;\">https:\/\/lead-core.com<\/a><\/span><\/span><br \/><span style=\"color: #333333;\">Email:\u00a0<span class=\"cmplz-contact-email\">info@lead-core.com<\/span><\/span><\/p>\n<p><span style=\"color: #333333;\"><span style=\"font-weight: 400;\">Gracias por visitar <\/span><b>Lead Core LLC<\/b><span style=\"font-weight: 400;\"> . Esperamos que disfrutes tu experiencia y te invitamos a contactarnos si tienes alguna pregunta o comentario.<\/span><\/span><\/p>\n<p><span style=\"color: #333333;\">\u00a0<\/span><\/p>\n<p>[\/et_pb_blurb][\/et_pb_column][et_pb_column type=&#8221;2_5&#8243; _builder_version=&#8221;4.16&#8243; custom_padding=&#8221;|||&#8221; global_colors_info=&#8221;{}&#8221; custom_padding__hover=&#8221;|||&#8221;][\/et_pb_column][\/et_pb_row][\/et_pb_section]<\/p>","protected":false},"excerpt":{"rendered":"<p>Legal Notice &nbsp; Last updated: 4 September 2024 This Legal Notice governs the access to, navigation on, and use of the website of Lead Core LLC (hereinafter &#8220;we,&#8221; &#8220;us,&#8221; or &#8220;the company&#8221;), accessible through the domain www.lead-core.com (hereinafter &#8220;the Website&#8221;). By accessing and using this Website, you agree to the terms and conditions set forth in this Legal Notice. 1. Website Ownership Lead Core LLC2105 Vista Oeste St NW, Suite E #1061, Albuquerque, New Mexico, 87120, United StatesUnited StatesWebsite:\u00a0https:\/\/lead-core.comEmail:\u00a0info@lead-core.com 2. Conditions of Use Access to and use of the Website are subject to the following conditions: 2.1. Proper Use of the WebsiteYou agree to use the Website in a lawful manner, in accordance with current regulations, moral standards, public order, and this Legal Notice. You shall refrain from any act that could damage the image, interests, or rights of Lead Core LLC or third parties, or that could damage, disable, or overload the Website. 2.2. Accuracy of InformationLead Core LLC strives to ensure that the information provided on the Website is accurate and up-to-date. However, we cannot guarantee the accuracy, completeness, or timeliness of the information at all times. We reserve the right to modify the content of the Website [&hellip;]<\/p>","protected":false},"author":1,"featured_media":0,"parent":0,"menu_order":0,"comment_status":"closed","ping_status":"closed","template":"","meta":{"_et_pb_use_builder":"on","_et_pb_old_content":"","_et_gb_content_width":"","footnotes":""},"class_list":["post-344","page","type-page","status-publish","hentry"],"_links":{"self":[{"href":"https:\/\/lead-core.com\/es\/wp-json\/wp\/v2\/pages\/344","targetHints":{"allow":["GET"]}}],"collection":[{"href":"https:\/\/lead-core.com\/es\/wp-json\/wp\/v2\/pages"}],"about":[{"href":"https:\/\/lead-core.com\/es\/wp-json\/wp\/v2\/types\/page"}],"author":[{"embeddable":true,"href":"https:\/\/lead-core.com\/es\/wp-json\/wp\/v2\/users\/1"}],"replies":[{"embeddable":true,"href":"https:\/\/lead-core.com\/es\/wp-json\/wp\/v2\/comments?post=344"}],"version-history":[{"count":15,"href":"https:\/\/lead-core.com\/es\/wp-json\/wp\/v2\/pages\/344\/revisions"}],"predecessor-version":[{"id":660,"href":"https:\/\/lead-core.com\/es\/wp-json\/wp\/v2\/pages\/344\/revisions\/660"}],"wp:attachment":[{"href":"https:\/\/lead-core.com\/es\/wp-json\/wp\/v2\/media?parent=344"}],"curies":[{"name":"wp","href":"https:\/\/api.w.org\/{rel}","templated":true}]}}