{"id":620,"date":"2024-09-04T14:05:55","date_gmt":"2024-09-04T14:05:55","guid":{"rendered":"https:\/\/lead-core.com\/?page_id=620"},"modified":"2024-09-04T22:13:21","modified_gmt":"2024-09-04T22:13:21","slug":"privacy-policy","status":"publish","type":"page","link":"https:\/\/lead-core.com\/es\/privacy-policy\/","title":{"rendered":"Pol\u00edtica de privacidad"},"content":{"rendered":"[et_pb_section fb_built=&#8221;1&#8243; admin_label=&#8221;section&#8221; _builder_version=&#8221;4.16&#8243; global_colors_info=&#8221;{}&#8221;][et_pb_row column_structure=&#8221;3_5,2_5&#8243; admin_label=&#8221;row&#8221; _builder_version=&#8221;4.27.0&#8243; background_size=&#8221;initial&#8221; background_position=&#8221;top_left&#8221; background_repeat=&#8221;repeat&#8221; width_tablet=&#8221;&#8221; width_phone=&#8221;&#8221; width_last_edited=&#8221;on|phone&#8221; max_width=&#8221;1104px&#8221; hover_enabled=&#8221;0&#8243; global_colors_info=&#8221;{}&#8221; width=&#8221;100%&#8221; sticky_enabled=&#8221;0&#8243;][et_pb_column type=&#8221;3_5&#8243; _builder_version=&#8221;4.16&#8243; custom_padding=&#8221;|||&#8221; global_colors_info=&#8221;{}&#8221; custom_padding__hover=&#8221;|||&#8221;][et_pb_text admin_label=&#8221;Text&#8221; _builder_version=&#8221;4.27.0&#8243; text_text_color=&#8221;#6b6b6b&#8221; text_font_size=&#8221;15px&#8221; background_size=&#8221;initial&#8221; background_position=&#8221;top_left&#8221; background_repeat=&#8221;repeat&#8221; width=&#8221;100%&#8221; custom_margin=&#8221;|-606px||||&#8221; hover_enabled=&#8221;0&#8243; global_colors_info=&#8221;{}&#8221; sticky_enabled=&#8221;0&#8243; max_width=&#8221;100%&#8221; custom_padding=&#8221;|0px||||&#8221;]<h1>Pol\u00edtica de privacidad<\/h1>\n<p>&nbsp;<\/p>\n<p><span style=\"color: #333333;\"><b>\u00daltima-<\/b><b>actualizaci\u00f3n: <\/b><b>4 de septiembre de 2024<\/b><\/span><\/p>\n<p><span style=\"color: #333333;\"><span style=\"font-weight: 400;\">En <\/span><b>Lead Core LLC<\/b><span style=\"font-weight: 400;\"> (\u201cnosotros\u201d, \u201cnos\u201d o \u201cnuestro\u201d), nos comprometemos a proteger la privacidad de nuestros clientes, usuarios y visitantes del sitio web. Esta Pol\u00edtica de Privacidad explica c\u00f3mo recopilamos, usamos, divulgamos y salvaguardamos su informaci\u00f3n personal cuando interact\u00faa con nosotros a trav\u00e9s de nuestro sitio web y servicios.<\/span><\/span><\/p>\n<h3 class=\"wp-block-heading\"><span style=\"color: #333333;\"><b>1. Informaci\u00f3n que recopilamos<\/b><\/span><\/h3>\n<p><span style=\"color: #333333;\"><b>1.1. Informaci\u00f3n personal<\/b><b><br \/><\/b><span style=\"font-weight: 400;\">Podemos recopilar informaci\u00f3n personal que usted nos proporciona voluntariamente cuando se comunica con nosotros, solicita informaci\u00f3n, se registra en nuestro sitio web o utiliza nuestros servicios. Esta informaci\u00f3n puede incluir, entre otros:<\/span><\/span><\/p>\n<ul>\n<li style=\"font-weight: 400;\" aria-level=\"1\"><span style=\"font-weight: 400; color: #333333;\">Nombre y apellidos.<\/span><\/li>\n<li style=\"font-weight: 400;\" aria-level=\"1\"><span style=\"font-weight: 400; color: #333333;\">Email.<\/span><\/li>\n<li style=\"font-weight: 400;\" aria-level=\"1\"><span style=\"font-weight: 400; color: #333333;\">N\u00famero de tel\u00e9fono.<\/span><\/li>\n<li style=\"font-weight: 400;\" aria-level=\"1\"><span style=\"font-weight: 400; color: #333333;\">Informaci\u00f3n de la empresa o negocio.<\/span><\/li>\n<li style=\"font-weight: 400;\" aria-level=\"1\"><span style=\"font-weight: 400; color: #333333;\">Cualquier otra informaci\u00f3n que elija proporcionar.<\/span><\/li>\n<\/ul>\n<p><span style=\"color: #333333;\"><b>1.2. Informaci\u00f3n recopilada autom\u00e1ticamente<\/b><b><br \/><\/b><span style=\"font-weight: 400;\">Cuando navega por nuestro sitio web, podemos recopilar autom\u00e1ticamente cierta informaci\u00f3n a trav\u00e9s de cookies y tecnolog\u00edas similares. Esta informaci\u00f3n puede incluir:<\/span><\/span><\/p>\n<ul>\n<li style=\"font-weight: 400;\" aria-level=\"1\"><span style=\"font-weight: 400; color: #333333;\">Direcci\u00f3n IP.<\/span><\/li>\n<li style=\"font-weight: 400;\" aria-level=\"1\"><span style=\"font-weight: 400; color: #333333;\">Tipo de navegador y dispositivo.<\/span><\/li>\n<li style=\"font-weight: 400;\" aria-level=\"1\"><span style=\"font-weight: 400; color: #333333;\">P\u00e1ginas visitadas en nuestro sitio.<\/span><\/li>\n<li style=\"font-weight: 400;\" aria-level=\"1\"><span style=\"font-weight: 400; color: #333333;\">Tiempo dedicado en nuestras p\u00e1ginas.<\/span><\/li>\n<li style=\"font-weight: 400;\" aria-level=\"1\"><span style=\"font-weight: 400; color: #333333;\">Datos aproximados de ubicaci\u00f3n.<\/span><\/li>\n<li style=\"font-weight: 400;\" aria-level=\"1\"><span style=\"font-weight: 400; color: #333333;\">T\u00e9rminos de b\u00fasqueda utilizados.<\/span><\/li>\n<\/ul>\n<h3><span style=\"color: #333333;\"><b>2. C\u00f3mo utilizamos su informaci\u00f3n<\/b><\/span><\/h3>\n<p><span style=\"color: #333333;\"><b>2.1. Prestaci\u00f3n de servicios<\/b><b><br \/><\/b><span style=\"font-weight: 400;\">Usamos su informaci\u00f3n para brindarle los servicios que solicita, responder a sus consultas y ofrecerle soporte t\u00e9cnico.<\/span><\/span><\/p>\n<p><span style=\"color: #333333;\"><b>2.2. Comunicaciones<\/b><b><br \/><\/b><span style=\"font-weight: 400;\">Podemos utilizar su informaci\u00f3n de contacto para enviarle actualizaciones, boletines informativos, informaci\u00f3n sobre nuestros servicios o responder a sus solicitudes. Puede optar por no recibir estas comunicaciones en cualquier momento.<\/span><\/span><\/p>\n<p><span style=\"color: #333333;\"><b>2.3. Personalizaci\u00f3n y mejora del servicio<\/b><b><br \/><\/b><span style=\"font-weight: 400;\">La informaci\u00f3n que recopilamos nos permite personalizar su experiencia en nuestro sitio web, realizar an\u00e1lisis estad\u00edsticos y mejorar nuestros servicios para satisfacer mejor sus necesidades.<\/span><\/span><\/p>\n<p><span style=\"color: #333333;\"><b>2.4. Cumplimiento legal<\/b><b><br \/><\/b><span style=\"font-weight: 400;\">Podemos usar o divulgar su informaci\u00f3n si creemos de buena fe que es necesario para cumplir con las leyes, regulaciones, procesos legales o solicitudes gubernamentales aplicables.<\/span><\/span><\/p>\n<h3><span style=\"color: #333333;\"><b>3. Compartir su informaci\u00f3n<\/b><\/span><\/h3>\n<p><span style=\"color: #333333;\"><b>3.1. Proveedores de servicios<\/b><b><br \/><\/b><span style=\"font-weight: 400;\">Podemos compartir su informaci\u00f3n con proveedores externos que nos ayudan a operar nuestro sitio web, realizar an\u00e1lisis de datos y brindar servicios en nuestro nombre. Estos proveedores deben proteger su informaci\u00f3n y utilizarla \u00fanicamente para los fines para los cuales fue compartida.<\/span><\/span><\/p>\n<p><span style=\"color: #333333;\"><b>3.2. Transferencias de Negocios<\/b><b><br \/><\/b><span style=\"font-weight: 400;\">En el caso de que Lead Core LLC est\u00e9 involucrado en una fusi\u00f3n, adquisici\u00f3n, venta de activos o cualquier otra transacci\u00f3n corporativa, su informaci\u00f3n personal podr\u00e1 transferirse a la entidad sucesora o adquirente.<\/span><\/span><\/p>\n<p><span style=\"color: #333333;\"><b>3.3. Cumplimiento legal<\/b><b><br \/><\/b><span style=\"font-weight: 400;\">Podemos divulgar su informaci\u00f3n si estamos obligados legalmente a hacerlo, como en respuesta a una orden judicial, citaci\u00f3n u otro proceso legal.<\/span><\/span><\/p>\n<h3><span style=\"color: #333333;\"><b>4. Seguridad de la informaci\u00f3n<\/b><\/span><\/h3>\n<p><span style=\"font-weight: 400; color: #333333;\">Estamos comprometidos a proteger la informaci\u00f3n personal que recopilamos. Implementamos medidas de seguridad administrativas, t\u00e9cnicas y f\u00edsicas para proteger su informaci\u00f3n del acceso no autorizado, mal uso, alteraci\u00f3n y destrucci\u00f3n. Sin embargo, tenga en cuenta que ninguna transmisi\u00f3n de datos a trav\u00e9s de Internet o sistema de almacenamiento puede garantizarse 100% segura.<\/span><\/p>\n<h3><span style=\"color: #333333;\"><b>5. Sus derechos y opciones<\/b><\/span><\/h3>\n<p><span style=\"color: #333333;\"><b>5.1. Acceso y Correcci\u00f3n<\/b><b><br \/><\/b><span style=\"font-weight: 400;\">Tiene derecho a acceder a la informaci\u00f3n personal que tenemos sobre usted y solicitar la correcci\u00f3n de cualquier informaci\u00f3n inexacta o desactualizada.<\/span><\/span><\/p>\n<p><span style=\"color: #333333;\"><b>5.2. Eliminaci\u00f3n de datos<\/b><b><br \/><\/b><span style=\"font-weight: 400;\">Puede solicitar que eliminemos su informaci\u00f3n personal de nuestros registros, sujeto a ciertas excepciones legales.<\/span><\/span><\/p>\n<p><span style=\"color: #333333;\"><b>5.3. Objeci\u00f3n al procesamiento<\/b><b><br \/><\/b><span style=\"font-weight: 400;\">Tiene derecho a oponerse al procesamiento de su informaci\u00f3n personal en determinadas circunstancias, como el marketing directo.<\/span><\/span><\/p>\n<p><span style=\"color: #333333;\"><b>5.4. Retiro del consentimiento<\/b><b><br \/><\/b><span style=\"font-weight: 400;\">Si ha otorgado su consentimiento para el procesamiento de su informaci\u00f3n personal, podr\u00e1 retirarlo en cualquier momento. Esto no afectar\u00e1 a la licitud del tratamiento basado en el consentimiento antes de su retirada.<\/span><\/span><\/p>\n<h3><span style=\"color: #333333;\"><b>6. Cookies y tecnolog\u00edas similares<\/b><\/span><\/h3>\n<p><span style=\"font-weight: 400; color: #333333;\">Utilizamos cookies y tecnolog\u00edas similares para recopilar informaci\u00f3n autom\u00e1ticamente cuando navega por nuestro sitio web. Para obtener m\u00e1s detalles sobre c\u00f3mo utilizamos las cookies, consulte nuestra Pol\u00edtica de cookies.<\/span><\/p>\n<h3><span style=\"color: #333333;\"><b>7. Enlaces a sitios web de terceros<\/b><\/span><\/h3>\n<p><span style=\"font-weight: 400; color: #333333;\">Nuestro sitio web puede contener enlaces a sitios web de terceros. Esta Pol\u00edtica de Privacidad no se aplica a esos sitios web, por lo que le recomendamos que revise las pol\u00edticas de privacidad de los sitios de terceros que visite.<\/span><\/p>\n<h3><span style=\"color: #333333;\"><b>8. Cambios a esta Pol\u00edtica de Privacidad<\/b><\/span><\/h3>\n<p><span style=\"font-weight: 400; color: #333333;\">Podemos actualizar esta Pol\u00edtica de Privacidad de vez en cuando para reflejar cambios en nuestras pr\u00e1cticas o por razones legales, regulatorias u operativas. Publicaremos cualquier cambio en esta p\u00e1gina, por lo que le recomendamos que la revise peri\u00f3dicamente.<\/span><\/p>\n<h3><span style=\"color: #333333;\"><b>9. Detalles de contacto<\/b><\/span><\/h3>\n<p><span style=\"color: #333333;\">Si tiene preguntas y\/o comentarios sobre nuestra Pol\u00edtica de Privacidad, comun\u00edquese con nosotros utilizando los siguientes datos de contacto:<\/span><\/p>\n<p><span style=\"color: #333333;\"><strong><span class=\"cmplz-contact-organisation\">Lead Core LLC<\/span><\/strong><\/span><br \/><span class=\"cmplz-contact-address\" style=\"color: #333333;\">2105 Vista Oeste St NW, Suite E #1061, Albuquerque, New Mexico, 87120<\/span><br \/><span class=\"cmplz-contact-country\" style=\"color: #333333;\">United States<\/span><br \/><span style=\"color: #333333;\">Website:\u00a0<span class=\"cmplz-contact-domain\"><a href=\"https:\/\/lead-core.com\/es\/\" style=\"color: #333333;\">https:\/\/lead-core.com<\/a><\/span><\/span><br \/><span style=\"color: #333333;\">Email:\u00a0<span class=\"cmplz-contact-email\">info@lead-core.com<\/span><\/span><\/p>\n<p><span style=\"color: #333333;\"><span style=\"font-weight: 400;\">Gracias por confiar en <\/span><b>Lead Core LLC<\/b><span style=\"font-weight: 400;\">. Estamos comprometidos a proteger su privacidad y administrar su informaci\u00f3n personal de manera transparente y segura.<\/span><\/span><\/p>[\/et_pb_text][\/et_pb_column][et_pb_column type=&#8221;2_5&#8243; _builder_version=&#8221;4.16&#8243; custom_padding=&#8221;|||&#8221; global_colors_info=&#8221;{}&#8221; custom_padding__hover=&#8221;|||&#8221;][\/et_pb_column][\/et_pb_row][\/et_pb_section]","protected":false},"excerpt":{"rendered":"<p>Privacy Policy &nbsp; Last updated: 4 September 2024 At Lead Core LLC (&#8220;we,&#8221; &#8220;us,&#8221; or &#8220;our&#8221;), we are committed to protecting the privacy of our clients, users, and website visitors. This Privacy Policy explains how we collect, use, disclose, and safeguard your personal information when you interact with us through our website and services. 1. Information We Collect 1.1. Personal InformationWe may collect personal information that you voluntarily provide to us when you communicate with us, request information, register on our website, or use our services. This information may include, but is not limited to: Name and surname. Email address. Phone number. Company or business information. Any other information you choose to provide. 1.2. Information Collected AutomaticallyWhen you browse our website, we may automatically collect certain information through cookies and similar technologies. This information may include: IP address. Browser and device type. Pages visited on our site. Time spent on our pages. Approximate location data. Search terms used. 2. How We Use Your Information 2.1. Service ProvisionWe use your information to provide the services you request, respond to your inquiries, and offer technical support. 2.2. CommunicationsWe may use your contact information to send you updates, newsletters, information about our services, [&hellip;]<\/p>","protected":false},"author":1,"featured_media":0,"parent":0,"menu_order":0,"comment_status":"closed","ping_status":"closed","template":"","meta":{"_et_pb_use_builder":"on","_et_pb_old_content":"<!-- wp:heading -->\r\n<p><b>Last updated: <\/b><b>4 September 2024<\/b><\/p>\r\n<p><span style=\"font-weight: 400;\">At <\/span><b>Lead Core LLC<\/b><span style=\"font-weight: 400;\"> (\"we,\" \"us,\" or \"our\"), we are committed to protecting the privacy of our clients, users, and website visitors. This Privacy Policy explains how we collect, use, disclose, and safeguard your personal information when you interact with us through our website and services.<\/span><\/p>\r\n<h3><b>1. Information We Collect<\/b><\/h3>\r\n<p><b>1.1. Personal Information<\/b><b><br \/><\/b><span style=\"font-weight: 400;\">We may collect personal information that you voluntarily provide to us when you communicate with us, request information, register on our website, or use our services. This information may include, but is not limited to:<\/span><\/p>\r\n<ul>\r\n<li style=\"font-weight: 400;\" aria-level=\"1\"><span style=\"font-weight: 400;\">Name and surname.<\/span><\/li>\r\n<li style=\"font-weight: 400;\" aria-level=\"1\"><span style=\"font-weight: 400;\">Email address.<\/span><\/li>\r\n<li style=\"font-weight: 400;\" aria-level=\"1\"><span style=\"font-weight: 400;\">Phone number.<\/span><\/li>\r\n<li style=\"font-weight: 400;\" aria-level=\"1\"><span style=\"font-weight: 400;\">Company or business information.<\/span><\/li>\r\n<li style=\"font-weight: 400;\" aria-level=\"1\"><span style=\"font-weight: 400;\">Any other information you choose to provide.<\/span><\/li>\r\n<\/ul>\r\n<p><b>1.2. Information Collected Automatically<\/b><b><br \/><\/b><span style=\"font-weight: 400;\">When you browse our website, we may automatically collect certain information through cookies and similar technologies. This information may include:<\/span><\/p>\r\n<ul>\r\n<li style=\"font-weight: 400;\" aria-level=\"1\"><span style=\"font-weight: 400;\">IP address.<\/span><\/li>\r\n<li style=\"font-weight: 400;\" aria-level=\"1\"><span style=\"font-weight: 400;\">Browser and device type.<\/span><\/li>\r\n<li style=\"font-weight: 400;\" aria-level=\"1\"><span style=\"font-weight: 400;\">Pages visited on our site.<\/span><\/li>\r\n<li style=\"font-weight: 400;\" aria-level=\"1\"><span style=\"font-weight: 400;\">Time spent on our pages.<\/span><\/li>\r\n<li style=\"font-weight: 400;\" aria-level=\"1\"><span style=\"font-weight: 400;\">Approximate location data.<\/span><\/li>\r\n<li style=\"font-weight: 400;\" aria-level=\"1\"><span style=\"font-weight: 400;\">Search terms used.<\/span><\/li>\r\n<\/ul>\r\n<h3><b>2. How We Use Your Information<\/b><\/h3>\r\n<p><b>2.1. Service Provision<\/b><b><br \/><\/b><span style=\"font-weight: 400;\">We use your information to provide the services you request, respond to your inquiries, and offer technical support.<\/span><\/p>\r\n<p><b>2.2. Communications<\/b><b><br \/><\/b><span style=\"font-weight: 400;\">We may use your contact information to send you updates, newsletters, information about our services, or respond to your requests. You may opt out of receiving these communications at any time.<\/span><\/p>\r\n<p><b>2.3. Personalization and Service Improvement<\/b><b><br \/><\/b><span style=\"font-weight: 400;\">The information we collect allows us to personalize your experience on our website, perform statistical analyses, and improve our services to better meet your needs.<\/span><\/p>\r\n<p><b>2.4. Legal Compliance<\/b><b><br \/><\/b><span style=\"font-weight: 400;\">We may use or disclose your information if we believe in good faith that it is necessary to comply with applicable laws, regulations, legal processes, or governmental requests.<\/span><\/p>\r\n<h3><b>3. Sharing Your Information<\/b><\/h3>\r\n<p><b>3.1. Service Providers<\/b><b><br \/><\/b><span style=\"font-weight: 400;\">We may share your information with third-party providers who assist us in operating our website, performing data analysis, and delivering services on our behalf. These providers are required to protect your information and use it only for the purposes for which it was shared.<\/span><\/p>\r\n<p><b>3.2. Business Transfers<\/b><b><br \/><\/b><span style=\"font-weight: 400;\">In the event that Lead Core LLC is involved in a merger, acquisition, sale of assets, or any other corporate transaction, your personal information may be transferred to the successor or acquiring entity.<\/span><\/p>\r\n<p><b>3.3. Legal Compliance<\/b><b><br \/><\/b><span style=\"font-weight: 400;\">We may disclose your information if we are legally required to do so, such as in response to a court order, subpoena, or other legal process.<\/span><\/p>\r\n<h3><b>4. Information Security<\/b><\/h3>\r\n<p><span style=\"font-weight: 400;\">We are committed to protecting the personal information we collect. We implement administrative, technical, and physical security measures to protect your information from unauthorized access, misuse, alteration, and destruction. However, please be aware that no data transmission over the Internet or storage system can be guaranteed 100% secure.<\/span><\/p>\r\n<h3><b>5. Your Rights and Choices<\/b><\/h3>\r\n<p><b>5.1. Access and Correction<\/b><b><br \/><\/b><span style=\"font-weight: 400;\">You have the right to access the personal information we hold about you and request the correction of any inaccurate or outdated information.<\/span><\/p>\r\n<p><b>5.2. Data Deletion<\/b><b><br \/><\/b><span style=\"font-weight: 400;\">You may request that we delete your personal information from our records, subject to certain legal exceptions.<\/span><\/p>\r\n<p><b>5.3. Objection to Processing<\/b><b><br \/><\/b><span style=\"font-weight: 400;\">You have the right to object to the processing of your personal information in certain circumstances, such as direct marketing.<\/span><\/p>\r\n<p><b>5.4. Withdrawal of Consent<\/b><b><br \/><\/b><span style=\"font-weight: 400;\">If you have provided consent for the processing of your personal information, you may withdraw it at any time. This will not affect the lawfulness of processing based on consent before its withdrawal.<\/span><\/p>\r\n<h3><b>6. Cookies and Similar Technologies<\/b><\/h3>\r\n<p><span style=\"font-weight: 400;\">We use cookies and similar technologies to automatically collect information when you browse our website. For more details on how we use cookies, please refer to our Cookie Policy.<\/span><\/p>\r\n<h3><b>7. Links to Third-Party Websites<\/b><\/h3>\r\n<p><span style=\"font-weight: 400;\">Our website may contain links to third-party websites. This Privacy Policy does not apply to those websites, so we encourage you to review the privacy policies of any third-party sites you visit.<\/span><\/p>\r\n<h3><b>8. Changes to This Privacy Policy<\/b><\/h3>\r\n<p><span style=\"font-weight: 400;\">We may update this Privacy Policy from time to time to reflect changes in our practices or for legal, regulatory, or operational reasons. We will post any changes on this page, so we encourage you to review it periodically.<\/span><\/p>\r\n<h3><b>9. Contact Details<\/b><\/h3>\r\n<p>For questions and\/or comments about our Privacy Policy, please contact us by using the following contact details:<\/p>\r\n<p><strong><span class=\"cmplz-contact-organisation\">Lead Core LLC<\/span><\/strong><br \/><span class=\"cmplz-contact-address\">2105 Vista Oeste St NW, Suite E #1061, Albuquerque, New Mexico, 87120, United States<\/span><br \/><span class=\"cmplz-contact-country\">United States<\/span><br \/>Website:\u00a0<span class=\"cmplz-contact-domain\"><a href=\"https:\/\/lead-core.com\/\">https:\/\/lead-core.com<\/a><\/span><br \/>Email:\u00a0<span class=\"cmplz-contact-email\">info@lead-core.com<\/span><\/p>\r\n<p><span style=\"font-weight: 400;\">Thank you for trusting <\/span><b>Lead Core LLC<\/b><span style=\"font-weight: 400;\">. We are committed to protecting your privacy and managing your personal information in a transparent and secure manner.<\/span><\/p>","_et_gb_content_width":"","footnotes":""},"class_list":["post-620","page","type-page","status-publish","hentry"],"_links":{"self":[{"href":"https:\/\/lead-core.com\/es\/wp-json\/wp\/v2\/pages\/620","targetHints":{"allow":["GET"]}}],"collection":[{"href":"https:\/\/lead-core.com\/es\/wp-json\/wp\/v2\/pages"}],"about":[{"href":"https:\/\/lead-core.com\/es\/wp-json\/wp\/v2\/types\/page"}],"author":[{"embeddable":true,"href":"https:\/\/lead-core.com\/es\/wp-json\/wp\/v2\/users\/1"}],"replies":[{"embeddable":true,"href":"https:\/\/lead-core.com\/es\/wp-json\/wp\/v2\/comments?post=620"}],"version-history":[{"count":16,"href":"https:\/\/lead-core.com\/es\/wp-json\/wp\/v2\/pages\/620\/revisions"}],"predecessor-version":[{"id":661,"href":"https:\/\/lead-core.com\/es\/wp-json\/wp\/v2\/pages\/620\/revisions\/661"}],"wp:attachment":[{"href":"https:\/\/lead-core.com\/es\/wp-json\/wp\/v2\/media?parent=620"}],"curies":[{"name":"wp","href":"https:\/\/api.w.org\/{rel}","templated":true}]}}